{"id":1251,"date":"2020-07-24T20:01:06","date_gmt":"2020-07-24T20:01:06","guid":{"rendered":"https:\/\/psychotherapie-gruschwitz.de\/?page_id=1251"},"modified":"2023-01-24T19:50:59","modified_gmt":"2023-01-24T19:50:59","slug":"impressum","status":"publish","type":"page","link":"https:\/\/psychotherapie-gruschwitz.de\/?page_id=1251","title":{"rendered":"Impressum"},"content":{"rendered":"\t\t<div data-elementor-type=\"wp-page\" data-elementor-id=\"1251\" class=\"elementor elementor-1251\">\n\t\t\t\t\t\t<section class=\"elementor-section elementor-top-section elementor-element elementor-element-4330eca elementor-section-content-top elementor-section-boxed elementor-section-height-default elementor-section-height-default\" data-id=\"4330eca\" data-element_type=\"section\" data-e-type=\"section\" data-settings=\"{&quot;background_background&quot;:&quot;classic&quot;}\">\n\t\t\t\t\t\t\t<div class=\"elementor-background-overlay\"><\/div>\n\t\t\t\t\t\t\t<div class=\"elementor-container elementor-column-gap-default\">\n\t\t\t\t\t<div class=\"elementor-column elementor-col-100 elementor-top-column elementor-element elementor-element-01c53e5\" data-id=\"01c53e5\" data-element_type=\"column\" data-e-type=\"column\">\n\t\t\t<div class=\"elementor-widget-wrap elementor-element-populated\">\n\t\t\t\t\t\t<div class=\"elementor-element elementor-element-6dc5a8d elementor-widget elementor-widget-text-editor\" data-id=\"6dc5a8d\" data-element_type=\"widget\" data-e-type=\"widget\" data-widget_type=\"text-editor.default\">\n\t\t\t\t<div class=\"elementor-widget-container\">\n\t\t\t\t\t\t\t\t\t<h2>Impressum<\/h2>\n<div>\n<div data-elementor-type=\"wp-page\" data-elementor-id=\"812\" data-elementor-settings=\"[]\">\n<div>\n<div>\n<section data-id=\"1bf98fe\" data-element_type=\"section\">\n<div>\n<div>\n<div data-id=\"3f289cc\" data-element_type=\"column\">\n<div>\n<div>\n<div data-id=\"2ba0e87\" data-element_type=\"widget\" data-widget_type=\"text-editor.default\">\n<div>\n<div>\n<p>Inhaber und inhaltlich verantwortlich gem \u00a76 MDStV<\/p>\n<p>Dipl.-Psych. Antonia Gruschwitz<br>Sidonienstra\u00dfe 2i<br>01445 Radebeul<\/p>\n<p>Gesetzliche Berufsbezeichnung<\/p>\n<p>Diplom-Psychologin, Psychologische Psychotherapeutin<\/p>\n<p>Kontakt<br>Telefon:: 0159 06428448<br>E-Mail: psychotherapie-gruschwitz@web.de<\/p>\n<p>Zust\u00e4ndige Aufsichtsbeh\u00f6rde<\/p>\n<p>Kassen\u00e4rztliche Vereinigung Sachsen<br>Sch\u00fctzenh\u00f6he 12<br>01099 Dresden<br>Telefon: 0351-829050<br>Telefax: 0351-8290563<br>E-Mail: sachsen@kvsachsen.de<\/p>\n<p>Zust\u00e4ndige Kammer<\/p>\n<p>Ostdeutsche Psychotherapeutenkammer (OPK)<br>Goyastra\u00dfe 2d<br>04105 Leipzig<br>Telefon: 0341-4624320<br>Telefax: 0341-46243219<br>E-Mail: info@opk-info.de<\/p>\n<p>Ma\u00dfgebliche berufsrechtliche Regelungen<\/p>\n<p>Gesetz \u00fcber die Berufe des Psychologischen Psychotherapeuten und des Kinder-<br>und Jugendlichenpsychotherapeuten (Psychotherapeutengesetz \u2013 PsychThG)<br>vom 16. Juni 1998<\/p>\n<p>Haftungsbeschr\u00e4nkung<\/p>\n<p>Eine Haftung f\u00fcr die Richtigkeit, Vollst\u00e4ndigkeit und Aktualit\u00e4t<br>dieser Webseiten kann trotz sorgf\u00e4ltiger Pr\u00fcfung nicht \u00fcbernommen<br>werden. Es wird auch keinerlei Haftung \u00fcbernommen f\u00fcr eventuelle Sch\u00e4den<br>oder Konsequenzen, die durch die direkte oder indirekte Nutzung der<br>angebotenen Inhalte entstehen. Trotz sorgf\u00e4ltiger inhaltlicher Kontrolle<br>\u00fcbernehme ich keine Haftung f\u00fcr die Inhalte externer Links. F\u00fcr den<br>Inhalt der verlinkten Seiten sind ausschlie\u00dflich deren Betreiber<br>verantwortlich. Ich behalte mir ausdr\u00fccklich vor, Seiten, Seitenelemente<br>oder mein gesamtes Internet-Angebot ohne Ank\u00fcndigung zu ver\u00e4ndern, zu<br>erg\u00e4nzen, zu l\u00f6schen oder die Ver\u00f6ffentlichung zeitweise oder dauerhaft<br>einzustellen.<\/p>\n<\/div>\n<\/div>\n<\/div>\n<\/div>\n<\/div>\n<\/div>\n<\/div>\n<\/div>\n<\/section>\n<\/div>\n<\/div>\n<\/div>\n<\/div>\t\t\t\t\t\t\t\t<\/div>\n\t\t\t\t<\/div>\n\t\t\t\t\t<\/div>\n\t\t<\/div>\n\t\t\t\t\t<\/div>\n\t\t<\/section>\n\t\t\t\t<\/div>\n\t\t","protected":false},"excerpt":{"rendered":"<p>Impressum Inhaber und inhaltlich verantwortlich gem \u00a76 MDStV Dipl.-Psych. Antonia Gruschwitz Sidonienstra\u00dfe 2i 01445 Radebeul Gesetzliche Berufsbezeichnung Diplom-Psychologin, Psychologische Psychotherapeutin Kontakt Telefon:: 0159 06428448 E-Mail: psychotherapie-gruschwitz@web.de Zust\u00e4ndige Aufsichtsbeh\u00f6rde Kassen\u00e4rztliche Vereinigung Sachsen Sch\u00fctzenh\u00f6he 12 01099 Dresden Telefon: 0351-829050 Telefax: 0351-8290563 E-Mail: sachsen@kvsachsen.de Zust\u00e4ndige Kammer Ostdeutsche Psychotherapeutenkammer (OPK) Goyastra\u00dfe 2d 04105 Leipzig Telefon: 0341-4624320 Telefax: 0341-46243219 E-Mail: [&hellip;]<\/p>\n","protected":false},"author":1,"featured_media":0,"parent":0,"menu_order":0,"comment_status":"closed","ping_status":"closed","template":"","meta":{"_acf_changed":false,"site-sidebar-layout":"no-sidebar","site-content-layout":"page-builder","ast-site-content-layout":"default","site-content-style":"default","site-sidebar-style":"default","ast-global-header-display":"","ast-banner-title-visibility":"","ast-main-header-display":"","ast-hfb-above-header-display":"","ast-hfb-below-header-display":"","ast-hfb-mobile-header-display":"","site-post-title":"disabled","ast-breadcrumbs-content":"","ast-featured-img":"disabled","footer-sml-layout":"","ast-disable-related-posts":"","theme-transparent-header-meta":"default","adv-header-id-meta":"","stick-header-meta":"","header-above-stick-meta":"","header-main-stick-meta":"","header-below-stick-meta":"","astra-migrate-meta-layouts":"default","ast-page-background-enabled":"default","ast-page-background-meta":{"desktop":{"background-color":"var(--ast-global-color-4)","background-image":"","background-repeat":"repeat","background-position":"center center","background-size":"auto","background-attachment":"scroll","background-type":"","background-media":"","overlay-type":"","overlay-color":"","overlay-opacity":"","overlay-gradient":""},"tablet":{"background-color":"","background-image":"","background-repeat":"repeat","background-position":"center center","background-size":"auto","background-attachment":"scroll","background-type":"","background-media":"","overlay-type":"","overlay-color":"","overlay-opacity":"","overlay-gradient":""},"mobile":{"background-color":"","background-image":"","background-repeat":"repeat","background-position":"center center","background-size":"auto","background-attachment":"scroll","background-type":"","background-media":"","overlay-type":"","overlay-color":"","overlay-opacity":"","overlay-gradient":""}},"ast-content-background-meta":{"desktop":{"background-color":"var(--ast-global-color-5)","background-image":"","background-repeat":"repeat","background-position":"center center","background-size":"auto","background-attachment":"scroll","background-type":"","background-media":"","overlay-type":"","overlay-color":"","overlay-opacity":"","overlay-gradient":""},"tablet":{"background-color":"var(--ast-global-color-5)","background-image":"","background-repeat":"repeat","background-position":"center center","background-size":"auto","background-attachment":"scroll","background-type":"","background-media":"","overlay-type":"","overlay-color":"","overlay-opacity":"","overlay-gradient":""},"mobile":{"background-color":"var(--ast-global-color-5)","background-image":"","background-repeat":"repeat","background-position":"center center","background-size":"auto","background-attachment":"scroll","background-type":"","background-media":"","overlay-type":"","overlay-color":"","overlay-opacity":"","overlay-gradient":""}},"footnotes":""},"class_list":["post-1251","page","type-page","status-publish","hentry"],"acf":[],"yoast_head":"<!-- This site is optimized with the Yoast SEO plugin v27.4 - https:\/\/yoast.com\/product\/yoast-seo-wordpress\/ -->\n<title>Impressum - Psychotherapie Gruschwitz<\/title>\n<meta name=\"robots\" content=\"index, follow, max-snippet:-1, max-image-preview:large, max-video-preview:-1\" \/>\n<link rel=\"canonical\" href=\"https:\/\/psychotherapie-gruschwitz.de\/?page_id=1251\" \/>\n<meta property=\"og:locale\" content=\"de_DE\" \/>\n<meta property=\"og:type\" content=\"article\" \/>\n<meta property=\"og:title\" content=\"Impressum - Psychotherapie Gruschwitz\" \/>\n<meta property=\"og:description\" content=\"Impressum Inhaber und inhaltlich verantwortlich gem \u00a76 MDStV Dipl.-Psych. Antonia Gruschwitz Sidonienstra\u00dfe 2i 01445 Radebeul Gesetzliche Berufsbezeichnung Diplom-Psychologin, Psychologische Psychotherapeutin Kontakt Telefon:: 0159 06428448 E-Mail: psychotherapie-gruschwitz@web.de Zust\u00e4ndige Aufsichtsbeh\u00f6rde Kassen\u00e4rztliche Vereinigung Sachsen Sch\u00fctzenh\u00f6he 12 01099 Dresden Telefon: 0351-829050 Telefax: 0351-8290563 E-Mail: sachsen@kvsachsen.de Zust\u00e4ndige Kammer Ostdeutsche Psychotherapeutenkammer (OPK) Goyastra\u00dfe 2d 04105 Leipzig Telefon: 0341-4624320 Telefax: 0341-46243219 E-Mail: [&hellip;]\" \/>\n<meta property=\"og:url\" content=\"https:\/\/psychotherapie-gruschwitz.de\/?page_id=1251\" \/>\n<meta property=\"og:site_name\" content=\"Psychotherapie Gruschwitz\" \/>\n<meta property=\"article:modified_time\" content=\"2023-01-24T19:50:59+00:00\" \/>\n<meta name=\"twitter:card\" content=\"summary_large_image\" \/>\n<meta name=\"twitter:label1\" content=\"Gesch\u00e4tzte Lesezeit\" \/>\n\t<meta name=\"twitter:data1\" content=\"1\u00a0Minute\" \/>\n<script type=\"application\/ld+json\" class=\"yoast-schema-graph\">{\"@context\":\"https:\\\/\\\/schema.org\",\"@graph\":[{\"@type\":\"WebPage\",\"@id\":\"https:\\\/\\\/psychotherapie-gruschwitz.de\\\/?page_id=1251\",\"url\":\"https:\\\/\\\/psychotherapie-gruschwitz.de\\\/?page_id=1251\",\"name\":\"Impressum - Psychotherapie Gruschwitz\",\"isPartOf\":{\"@id\":\"https:\\\/\\\/psychotherapie-gruschwitz.de\\\/#website\"},\"datePublished\":\"2020-07-24T20:01:06+00:00\",\"dateModified\":\"2023-01-24T19:50:59+00:00\",\"breadcrumb\":{\"@id\":\"https:\\\/\\\/psychotherapie-gruschwitz.de\\\/?page_id=1251#breadcrumb\"},\"inLanguage\":\"de\",\"potentialAction\":[{\"@type\":\"ReadAction\",\"target\":[\"https:\\\/\\\/psychotherapie-gruschwitz.de\\\/?page_id=1251\"]}]},{\"@type\":\"BreadcrumbList\",\"@id\":\"https:\\\/\\\/psychotherapie-gruschwitz.de\\\/?page_id=1251#breadcrumb\",\"itemListElement\":[{\"@type\":\"ListItem\",\"position\":1,\"name\":\"Home\",\"item\":\"https:\\\/\\\/psychotherapie-gruschwitz.de\\\/\"},{\"@type\":\"ListItem\",\"position\":2,\"name\":\"Impressum\"}]},{\"@type\":\"WebSite\",\"@id\":\"https:\\\/\\\/psychotherapie-gruschwitz.de\\\/#website\",\"url\":\"https:\\\/\\\/psychotherapie-gruschwitz.de\\\/\",\"name\":\"Psychotherapie Gruschwitz in Radebeul\",\"description\":\"Dipl.-Psych. Antonia Gruschwitz\",\"publisher\":{\"@id\":\"https:\\\/\\\/psychotherapie-gruschwitz.de\\\/#organization\"},\"potentialAction\":[{\"@type\":\"SearchAction\",\"target\":{\"@type\":\"EntryPoint\",\"urlTemplate\":\"https:\\\/\\\/psychotherapie-gruschwitz.de\\\/?s={search_term_string}\"},\"query-input\":{\"@type\":\"PropertyValueSpecification\",\"valueRequired\":true,\"valueName\":\"search_term_string\"}}],\"inLanguage\":\"de\"},{\"@type\":\"Organization\",\"@id\":\"https:\\\/\\\/psychotherapie-gruschwitz.de\\\/#organization\",\"name\":\"Psychotherapie-Gruschwitz in Radebeul\",\"url\":\"https:\\\/\\\/psychotherapie-gruschwitz.de\\\/\",\"logo\":{\"@type\":\"ImageObject\",\"inLanguage\":\"de\",\"@id\":\"https:\\\/\\\/psychotherapie-gruschwitz.de\\\/#\\\/schema\\\/logo\\\/image\\\/\",\"url\":\"\",\"contentUrl\":\"\",\"caption\":\"Psychotherapie-Gruschwitz in Radebeul\"},\"image\":{\"@id\":\"https:\\\/\\\/psychotherapie-gruschwitz.de\\\/#\\\/schema\\\/logo\\\/image\\\/\"}}]}<\/script>\n<!-- \/ Yoast SEO plugin. -->","yoast_head_json":{"title":"Impressum - Psychotherapie Gruschwitz","robots":{"index":"index","follow":"follow","max-snippet":"max-snippet:-1","max-image-preview":"max-image-preview:large","max-video-preview":"max-video-preview:-1"},"canonical":"https:\/\/psychotherapie-gruschwitz.de\/?page_id=1251","og_locale":"de_DE","og_type":"article","og_title":"Impressum - Psychotherapie Gruschwitz","og_description":"Impressum Inhaber und inhaltlich verantwortlich gem \u00a76 MDStV Dipl.-Psych. Antonia Gruschwitz Sidonienstra\u00dfe 2i 01445 Radebeul Gesetzliche Berufsbezeichnung Diplom-Psychologin, Psychologische Psychotherapeutin Kontakt Telefon:: 0159 06428448 E-Mail: psychotherapie-gruschwitz@web.de Zust\u00e4ndige Aufsichtsbeh\u00f6rde Kassen\u00e4rztliche Vereinigung Sachsen Sch\u00fctzenh\u00f6he 12 01099 Dresden Telefon: 0351-829050 Telefax: 0351-8290563 E-Mail: sachsen@kvsachsen.de Zust\u00e4ndige Kammer Ostdeutsche Psychotherapeutenkammer (OPK) Goyastra\u00dfe 2d 04105 Leipzig Telefon: 0341-4624320 Telefax: 0341-46243219 E-Mail: [&hellip;]","og_url":"https:\/\/psychotherapie-gruschwitz.de\/?page_id=1251","og_site_name":"Psychotherapie Gruschwitz","article_modified_time":"2023-01-24T19:50:59+00:00","twitter_card":"summary_large_image","twitter_misc":{"Gesch\u00e4tzte Lesezeit":"1\u00a0Minute"},"schema":{"@context":"https:\/\/schema.org","@graph":[{"@type":"WebPage","@id":"https:\/\/psychotherapie-gruschwitz.de\/?page_id=1251","url":"https:\/\/psychotherapie-gruschwitz.de\/?page_id=1251","name":"Impressum - Psychotherapie Gruschwitz","isPartOf":{"@id":"https:\/\/psychotherapie-gruschwitz.de\/#website"},"datePublished":"2020-07-24T20:01:06+00:00","dateModified":"2023-01-24T19:50:59+00:00","breadcrumb":{"@id":"https:\/\/psychotherapie-gruschwitz.de\/?page_id=1251#breadcrumb"},"inLanguage":"de","potentialAction":[{"@type":"ReadAction","target":["https:\/\/psychotherapie-gruschwitz.de\/?page_id=1251"]}]},{"@type":"BreadcrumbList","@id":"https:\/\/psychotherapie-gruschwitz.de\/?page_id=1251#breadcrumb","itemListElement":[{"@type":"ListItem","position":1,"name":"Home","item":"https:\/\/psychotherapie-gruschwitz.de\/"},{"@type":"ListItem","position":2,"name":"Impressum"}]},{"@type":"WebSite","@id":"https:\/\/psychotherapie-gruschwitz.de\/#website","url":"https:\/\/psychotherapie-gruschwitz.de\/","name":"Psychotherapie Gruschwitz in Radebeul","description":"Dipl.-Psych. Antonia Gruschwitz","publisher":{"@id":"https:\/\/psychotherapie-gruschwitz.de\/#organization"},"potentialAction":[{"@type":"SearchAction","target":{"@type":"EntryPoint","urlTemplate":"https:\/\/psychotherapie-gruschwitz.de\/?s={search_term_string}"},"query-input":{"@type":"PropertyValueSpecification","valueRequired":true,"valueName":"search_term_string"}}],"inLanguage":"de"},{"@type":"Organization","@id":"https:\/\/psychotherapie-gruschwitz.de\/#organization","name":"Psychotherapie-Gruschwitz in Radebeul","url":"https:\/\/psychotherapie-gruschwitz.de\/","logo":{"@type":"ImageObject","inLanguage":"de","@id":"https:\/\/psychotherapie-gruschwitz.de\/#\/schema\/logo\/image\/","url":"","contentUrl":"","caption":"Psychotherapie-Gruschwitz in Radebeul"},"image":{"@id":"https:\/\/psychotherapie-gruschwitz.de\/#\/schema\/logo\/image\/"}}]}},"_links":{"self":[{"href":"https:\/\/psychotherapie-gruschwitz.de\/index.php?rest_route=\/wp\/v2\/pages\/1251","targetHints":{"allow":["GET"]}}],"collection":[{"href":"https:\/\/psychotherapie-gruschwitz.de\/index.php?rest_route=\/wp\/v2\/pages"}],"about":[{"href":"https:\/\/psychotherapie-gruschwitz.de\/index.php?rest_route=\/wp\/v2\/types\/page"}],"author":[{"embeddable":true,"href":"https:\/\/psychotherapie-gruschwitz.de\/index.php?rest_route=\/wp\/v2\/users\/1"}],"replies":[{"embeddable":true,"href":"https:\/\/psychotherapie-gruschwitz.de\/index.php?rest_route=%2Fwp%2Fv2%2Fcomments&post=1251"}],"version-history":[{"count":12,"href":"https:\/\/psychotherapie-gruschwitz.de\/index.php?rest_route=\/wp\/v2\/pages\/1251\/revisions"}],"predecessor-version":[{"id":1519,"href":"https:\/\/psychotherapie-gruschwitz.de\/index.php?rest_route=\/wp\/v2\/pages\/1251\/revisions\/1519"}],"wp:attachment":[{"href":"https:\/\/psychotherapie-gruschwitz.de\/index.php?rest_route=%2Fwp%2Fv2%2Fmedia&parent=1251"}],"curies":[{"name":"wp","href":"https:\/\/api.w.org\/{rel}","templated":true}]}}